{"id":9,"date":"2018-08-15T17:09:59","date_gmt":"2018-08-15T15:09:59","guid":{"rendered":"https:\/\/neu.eisenhof-nesslau.ch\/?page_id=9"},"modified":"2025-08-02T08:36:55","modified_gmt":"2025-08-02T06:36:55","slug":"unser-team","status":"publish","type":"page","link":"https:\/\/www.eisenhof-nesslau.ch\/?page_id=9","title":{"rendered":"Unser Team"},"content":{"rendered":"<p>Seit 1997 steht die Eisenhof Z\u00fcrcher GmbH f\u00fcr ein breites und qualitativ hochwertiges Sortiment an Haushalts-, Garten-, Elektro- und Werkzeugartikeln. Mit der Einf\u00fchrung bekannter Marken wie Metabo Werkzeuge, Villeroy &amp; Boch, Glasi Hergiswil und weiteren, wurde eine durchgehend hohe Qualit\u00e4t zum Standard und bis heute beibehalten. Aber nicht nur der Verkauf qualitativ hochwertiger Produkte, sondern auch Reparaturservice, Schl\u00fcsselservice, Brautpaardokumentationen und Schweissarbeiten nach Mass geh\u00f6ren bei der Eisenhof Z\u00fcrcher GmbH zu den Fachgebieten und runden das Angebot ab.<br \/>\nMit einem pers\u00f6nlichen, flexiblen und nicht zuletzt herzlichen Service, hat sich die Eisenhof Z\u00fcrcher GmbH stark in der Region verankert und ist heute nicht mehr aus Nesslau, zwischen Wattwil und Wildhaus, oder gar aus dem Toggenburg wegzudenken.<br \/>\nHerr und Frau Z\u00fcrcher freuen sich auf Ihren Besuch.<\/p>\n<table style=\"height: 240px; width: 245px; float: left;\">\n<tbody>\n<tr>\n<td><strong>Margrit Z\u00fcrcher<\/strong><\/p>\n<p><figure id=\"attachment_443\" aria-describedby=\"caption-attachment-443\" style=\"width: 300px\" class=\"wp-caption alignnone\"><img loading=\"lazy\" decoding=\"async\" class=\"wp-image-443 size-medium\" src=\"https:\/\/www.eisenhof-nesslau.ch\/wp-content\/uploads\/2023\/12\/Margit_web-300x200.jpg\" alt=\"Foto von Margrit Z\u00fcrcher\" width=\"300\" height=\"200\" srcset=\"https:\/\/www.eisenhof-nesslau.ch\/wp-content\/uploads\/2023\/12\/Margit_web-300x200.jpg 300w, https:\/\/www.eisenhof-nesslau.ch\/wp-content\/uploads\/2023\/12\/Margit_web.jpg 420w\" sizes=\"auto, (max-width: 300px) 100vw, 300px\" \/><figcaption id=\"caption-attachment-443\" class=\"wp-caption-text\">Gesch\u00e4ftsf\u00fchrerin<\/figcaption><\/figure><\/td>\n<\/tr>\n<\/tbody>\n<\/table>\n<table style=\"height: 240px; width: 245px; float: left;\">\n<tbody>\n<tr>\n<td><strong>Hans Z\u00fcrcher<\/strong><\/p>\n<p><figure id=\"attachment_444\" aria-describedby=\"caption-attachment-444\" style=\"width: 300px\" class=\"wp-caption alignnone\"><img loading=\"lazy\" decoding=\"async\" class=\"wp-image-444 size-medium\" src=\"https:\/\/www.eisenhof-nesslau.ch\/wp-content\/uploads\/2023\/12\/Hans_web-300x200.jpg\" alt=\"Foto von Hans Z\u00fcrcher\" width=\"300\" height=\"200\" srcset=\"https:\/\/www.eisenhof-nesslau.ch\/wp-content\/uploads\/2023\/12\/Hans_web-300x200.jpg 300w, https:\/\/www.eisenhof-nesslau.ch\/wp-content\/uploads\/2023\/12\/Hans_web.jpg 420w\" sizes=\"auto, (max-width: 300px) 100vw, 300px\" \/><figcaption id=\"caption-attachment-444\" class=\"wp-caption-text\">Gesch\u00e4ftsf\u00fchrer<\/figcaption><\/figure><\/td>\n<\/tr>\n<\/tbody>\n<\/table>\n<table style=\"height: 240px; width: 245px; float: left;\">\n<tbody>\n<tr>\n<td><strong>Sonja Tischhauser<\/strong><\/p>\n<p><figure id=\"attachment_439\" aria-describedby=\"caption-attachment-439\" style=\"width: 300px\" class=\"wp-caption alignnone\"><img loading=\"lazy\" decoding=\"async\" class=\"wp-image-439 size-medium\" src=\"https:\/\/www.eisenhof-nesslau.ch\/wp-content\/uploads\/2023\/12\/Sonja_web-300x200.jpg\" alt=\"Foto von Sonja Tischhauser\" width=\"300\" height=\"200\" srcset=\"https:\/\/www.eisenhof-nesslau.ch\/wp-content\/uploads\/2023\/12\/Sonja_web-300x200.jpg 300w, https:\/\/www.eisenhof-nesslau.ch\/wp-content\/uploads\/2023\/12\/Sonja_web.jpg 420w\" sizes=\"auto, (max-width: 300px) 100vw, 300px\" \/><figcaption id=\"caption-attachment-439\" class=\"wp-caption-text\">Detailhandelsfachfrau \/ Beratung<\/figcaption><\/figure><\/td>\n<\/tr>\n<\/tbody>\n<\/table>\n<table style=\"height: 240px; width: 245px; float: left;\">\n<tbody>\n<tr>\n<td><strong>Silvia Huber-Tischhauser<br \/>\n<\/strong><\/p>\n<p><figure id=\"attachment_441\" aria-describedby=\"caption-attachment-441\" style=\"width: 300px\" class=\"wp-caption alignnone\"><img loading=\"lazy\" decoding=\"async\" class=\"wp-image-441 size-medium\" src=\"https:\/\/www.eisenhof-nesslau.ch\/wp-content\/uploads\/2023\/12\/Silvia_web-300x200.jpg\" alt=\"Foto von Silvia Huber-Tischhauser\" width=\"300\" height=\"200\" srcset=\"https:\/\/www.eisenhof-nesslau.ch\/wp-content\/uploads\/2023\/12\/Silvia_web-300x200.jpg 300w, https:\/\/www.eisenhof-nesslau.ch\/wp-content\/uploads\/2023\/12\/Silvia_web.jpg 420w\" sizes=\"auto, (max-width: 300px) 100vw, 300px\" \/><figcaption id=\"caption-attachment-441\" class=\"wp-caption-text\">Detailhandelsfachfrau \/ Beratung<\/figcaption><\/figure><\/td>\n<\/tr>\n<\/tbody>\n<\/table>\n<table style=\"height: 5px; width: 5px; float: left;\">\n<tbody>\n<tr>\n<td><\/td>\n<\/tr>\n<\/tbody>\n<\/table>\n<table style=\"height: 240px; width: 245px; float: left;\">\n<tbody>\n<tr>\n<td><strong>Anita K\u00fcnzli<\/strong><\/p>\n<p><figure id=\"attachment_436\" aria-describedby=\"caption-attachment-436\" style=\"width: 300px\" class=\"wp-caption alignnone\"><img loading=\"lazy\" decoding=\"async\" class=\"wp-image-436 size-medium\" src=\"https:\/\/www.eisenhof-nesslau.ch\/wp-content\/uploads\/2023\/12\/Anita_web-300x200.jpg\" alt=\"Foto von Anita K\u00fcnzli\" width=\"300\" height=\"200\" srcset=\"https:\/\/www.eisenhof-nesslau.ch\/wp-content\/uploads\/2023\/12\/Anita_web-300x200.jpg 300w, https:\/\/www.eisenhof-nesslau.ch\/wp-content\/uploads\/2023\/12\/Anita_web.jpg 420w\" sizes=\"auto, (max-width: 300px) 100vw, 300px\" \/><figcaption id=\"caption-attachment-436\" class=\"wp-caption-text\">Detailhandelsfachfrau in Ausbildung 2023-2026<\/figcaption><\/figure><\/td>\n<\/tr>\n<\/tbody>\n<\/table>\n<table style=\"height: 5px; width: 11px; float: left;\">\n<tbody>\n<tr>\n<td><\/td>\n<\/tr>\n<\/tbody>\n<\/table>\n","protected":false},"excerpt":{"rendered":"<p>Seit 1997 steht die Eisenhof Z\u00fcrcher GmbH f\u00fcr ein breites und qualitativ hochwertiges Sortiment an Haushalts-, Garten-, Elektro- und Werkzeugartikeln. Mit der Einf\u00fchrung bekannter Marken wie Metabo Werkzeuge, Villeroy &amp; Boch, Glasi Hergiswil und weiteren, wurde eine durchgehend hohe Qualit\u00e4t zum Standard und bis heute beibehalten. Aber nicht nur der Verkauf qualitativ hochwertiger Produkte, sondern &hellip; <\/p>\n<p class=\"link-more\"><a href=\"https:\/\/www.eisenhof-nesslau.ch\/?page_id=9\" class=\"more-link\"><span class=\"screen-reader-text\">\u201eUnser Team\u201c <\/span>weiterlesen<\/a><\/p>\n","protected":false},"author":1,"featured_media":0,"parent":0,"menu_order":0,"comment_status":"closed","ping_status":"closed","template":"","meta":{"footnotes":""},"class_list":["post-9","page","type-page","status-publish","hentry"],"_links":{"self":[{"href":"https:\/\/www.eisenhof-nesslau.ch\/index.php?rest_route=\/wp\/v2\/pages\/9","targetHints":{"allow":["GET"]}}],"collection":[{"href":"https:\/\/www.eisenhof-nesslau.ch\/index.php?rest_route=\/wp\/v2\/pages"}],"about":[{"href":"https:\/\/www.eisenhof-nesslau.ch\/index.php?rest_route=\/wp\/v2\/types\/page"}],"author":[{"embeddable":true,"href":"https:\/\/www.eisenhof-nesslau.ch\/index.php?rest_route=\/wp\/v2\/users\/1"}],"replies":[{"embeddable":true,"href":"https:\/\/www.eisenhof-nesslau.ch\/index.php?rest_route=%2Fwp%2Fv2%2Fcomments&post=9"}],"version-history":[{"count":24,"href":"https:\/\/www.eisenhof-nesslau.ch\/index.php?rest_route=\/wp\/v2\/pages\/9\/revisions"}],"predecessor-version":[{"id":575,"href":"https:\/\/www.eisenhof-nesslau.ch\/index.php?rest_route=\/wp\/v2\/pages\/9\/revisions\/575"}],"wp:attachment":[{"href":"https:\/\/www.eisenhof-nesslau.ch\/index.php?rest_route=%2Fwp%2Fv2%2Fmedia&parent=9"}],"curies":[{"name":"wp","href":"https:\/\/api.w.org\/{rel}","templated":true}]}}