{"id":87,"date":"2018-08-15T21:28:53","date_gmt":"2018-08-15T19:28:53","guid":{"rendered":"https:\/\/neu.eisenhof-nesslau.ch\/?page_id=87"},"modified":"2018-08-15T22:18:33","modified_gmt":"2018-08-15T20:18:33","slug":"reparaturen","status":"publish","type":"page","link":"https:\/\/www.eisenhof-nesslau.ch\/?page_id=87","title":{"rendered":"Reparaturen"},"content":{"rendered":"<div class=\"rl-gallery-container rl-loading\" id=\"rl-gallery-container-1\" data-gallery_id=\"191\"> <div class=\"rl-gallery-description\">Im Bereich Reparaturen Ihrer Kaffeemaschine sind wir sehr stark. Garantiearbeiten auf verschiedene Marken wie z.B. Metabo Werkzeuge. Nat\u00fcrlich \u00fcbernehmen wir auch gerne Reparaturen anderer Ger\u00e4te und Marken.<\/div> <div class=\"rl-gallery rl-basicgrid-gallery \" id=\"rl-gallery-1\" data-gallery_no=\"1\"> <div class=\"rl-gallery-item\"><a href=\"https:\/\/www.eisenhof-nesslau.ch\/wp-content\/uploads\/2018\/08\/Reparaturen-299605.jpg\" title=\"\" data-rl_title=\"\" class=\"rl-gallery-link\" data-rl_caption=\"\" data-rel=\"lightbox-gallery-1\"><img loading=\"lazy\" decoding=\"async\" src=\"https:\/\/www.eisenhof-nesslau.ch\/wp-content\/uploads\/2018\/08\/Reparaturen-299605-150x150.jpg\" width=\"150\" height=\"150\" alt=\"\" \/><\/a><\/div><div class=\"rl-gallery-item\"><a href=\"https:\/\/www.eisenhof-nesslau.ch\/wp-content\/uploads\/2018\/08\/Reparaturen-300131.jpg\" title=\"\" data-rl_title=\"\" class=\"rl-gallery-link\" data-rl_caption=\"\" data-rel=\"lightbox-gallery-1\"><img loading=\"lazy\" decoding=\"async\" src=\"https:\/\/www.eisenhof-nesslau.ch\/wp-content\/uploads\/2018\/08\/Reparaturen-300131-150x150.jpg\" width=\"150\" height=\"150\" alt=\"\" \/><\/a><\/div> <\/div> <\/div>\n","protected":false},"excerpt":{"rendered":"","protected":false},"author":1,"featured_media":0,"parent":45,"menu_order":0,"comment_status":"closed","ping_status":"closed","template":"","meta":{"footnotes":""},"class_list":["post-87","page","type-page","status-publish","hentry"],"_links":{"self":[{"href":"https:\/\/www.eisenhof-nesslau.ch\/index.php?rest_route=\/wp\/v2\/pages\/87","targetHints":{"allow":["GET"]}}],"collection":[{"href":"https:\/\/www.eisenhof-nesslau.ch\/index.php?rest_route=\/wp\/v2\/pages"}],"about":[{"href":"https:\/\/www.eisenhof-nesslau.ch\/index.php?rest_route=\/wp\/v2\/types\/page"}],"author":[{"embeddable":true,"href":"https:\/\/www.eisenhof-nesslau.ch\/index.php?rest_route=\/wp\/v2\/users\/1"}],"replies":[{"embeddable":true,"href":"https:\/\/www.eisenhof-nesslau.ch\/index.php?rest_route=%2Fwp%2Fv2%2Fcomments&post=87"}],"version-history":[{"count":2,"href":"https:\/\/www.eisenhof-nesslau.ch\/index.php?rest_route=\/wp\/v2\/pages\/87\/revisions"}],"predecessor-version":[{"id":194,"href":"https:\/\/www.eisenhof-nesslau.ch\/index.php?rest_route=\/wp\/v2\/pages\/87\/revisions\/194"}],"up":[{"embeddable":true,"href":"https:\/\/www.eisenhof-nesslau.ch\/index.php?rest_route=\/wp\/v2\/pages\/45"}],"wp:attachment":[{"href":"https:\/\/www.eisenhof-nesslau.ch\/index.php?rest_route=%2Fwp%2Fv2%2Fmedia&parent=87"}],"curies":[{"name":"wp","href":"https:\/\/api.w.org\/{rel}","templated":true}]}}