{"id":63,"date":"2018-08-15T21:17:09","date_gmt":"2018-08-15T19:17:09","guid":{"rendered":"https:\/\/neu.eisenhof-nesslau.ch\/?page_id=63"},"modified":"2025-10-07T09:34:18","modified_gmt":"2025-10-07T07:34:18","slug":"haushalt","status":"publish","type":"page","link":"https:\/\/www.eisenhof-nesslau.ch\/?page_id=63","title":{"rendered":"Haushalt"},"content":{"rendered":"<p><a href=\"https:\/\/neu.eisenhof-nesslau.ch\/?page_id=66\">Geschirr und Besteck<\/a><\/p>\n<p><a href=\"https:\/\/neu.eisenhof-nesslau.ch\/?page_id=77\">Gl\u00e4ser<\/a><\/p>\n<p><a href=\"https:\/\/neu.eisenhof-nesslau.ch\/?page_id=128\">Elektrohaushaltger\u00e4te<\/a><\/p>\n<p><a href=\"https:\/\/neu.eisenhof-nesslau.ch\/?page_id=136\">Backartikel<\/a><\/p>\n<p><a href=\"https:\/\/neu.eisenhof-nesslau.ch\/?page_id=141\">Kochgeschirr<\/a><\/p>\n<p><a href=\"https:\/\/neu.eisenhof-nesslau.ch\/?page_id=146\">K\u00fcchenhelfer<\/a><\/p>\n<p><a href=\"https:\/\/neu.eisenhof-nesslau.ch\/?page_id=152\">Badezimmer<\/a><\/p>\n\n\n<p><\/p>\n","protected":false},"excerpt":{"rendered":"<p>Geschirr und Besteck Gl\u00e4ser Elektrohaushaltger\u00e4te Backartikel Kochgeschirr K\u00fcchenhelfer Badezimmer<\/p>\n","protected":false},"author":1,"featured_media":0,"parent":45,"menu_order":0,"comment_status":"closed","ping_status":"closed","template":"","meta":{"footnotes":""},"class_list":["post-63","page","type-page","status-publish","hentry"],"_links":{"self":[{"href":"https:\/\/www.eisenhof-nesslau.ch\/index.php?rest_route=\/wp\/v2\/pages\/63","targetHints":{"allow":["GET"]}}],"collection":[{"href":"https:\/\/www.eisenhof-nesslau.ch\/index.php?rest_route=\/wp\/v2\/pages"}],"about":[{"href":"https:\/\/www.eisenhof-nesslau.ch\/index.php?rest_route=\/wp\/v2\/types\/page"}],"author":[{"embeddable":true,"href":"https:\/\/www.eisenhof-nesslau.ch\/index.php?rest_route=\/wp\/v2\/users\/1"}],"replies":[{"embeddable":true,"href":"https:\/\/www.eisenhof-nesslau.ch\/index.php?rest_route=%2Fwp%2Fv2%2Fcomments&post=63"}],"version-history":[{"count":5,"href":"https:\/\/www.eisenhof-nesslau.ch\/index.php?rest_route=\/wp\/v2\/pages\/63\/revisions"}],"predecessor-version":[{"id":605,"href":"https:\/\/www.eisenhof-nesslau.ch\/index.php?rest_route=\/wp\/v2\/pages\/63\/revisions\/605"}],"up":[{"embeddable":true,"href":"https:\/\/www.eisenhof-nesslau.ch\/index.php?rest_route=\/wp\/v2\/pages\/45"}],"wp:attachment":[{"href":"https:\/\/www.eisenhof-nesslau.ch\/index.php?rest_route=%2Fwp%2Fv2%2Fmedia&parent=63"}],"curies":[{"name":"wp","href":"https:\/\/api.w.org\/{rel}","templated":true}]}}