{"id":5,"date":"2018-08-15T15:05:01","date_gmt":"2018-08-15T15:05:01","guid":{"rendered":"https:\/\/neu.eisenhof-nesslau.ch\/?page_id=5"},"modified":"2026-04-02T13:35:14","modified_gmt":"2026-04-02T11:35:14","slug":"home","status":"publish","type":"page","link":"https:\/\/www.eisenhof-nesslau.ch\/","title":{"rendered":"Home"},"content":{"rendered":"<h1><strong>Herzlich Willkommen im Eisenhof Nesslau<\/strong><\/h1>\n<p>Wir freuen uns, dass Sie den Weg zu unserer Website gefunden haben. Gerne geben wir Ihnen einen kleinen Einblick in unser grosses und vielseitiges Sortiment.<br \/>Suchen Sie ein Geschenk? Funktioniert Ihre Kaffeemaschine oder Rasenm\u00e4her nicht mehr richtig? Suchen Sie etwas f\u00fcr Ihren Haushalt? Dann sind Sie bei uns genau richtig. Gerne beraten wir Sie pers\u00f6nlich in unserem Gesch\u00e4ft in Nesslau.<\/p>\n<p>Wir freuen uns auf Ihren Besuch.<\/p>\n<p style=\"text-align: left;\">Ihr Eisenhof \u00a0Z\u00fcrcher Team<\/p>\n<p><strong>Unsere regul\u00e4ren \u00d6ffnungszeiten sind:<\/strong><\/p>\n<p><strong>Montag bis Freitag (ausser Mittwoch)<\/strong><br \/>08:00 &#8211; 12:00 \/ 14:00 &#8211; 18:30 Uhr<\/p>\n<p><strong>Mittwoch<\/strong><br \/>08:00 &#8211; 12:00 \/ Nachmittag geschlossen<\/p>\n<p><strong>Samstag<\/strong><br \/>08:00 &#8211; 16:00 Uhr<\/p>\n<p>Telefon Gesch\u00e4ft: 071 994 18 36<\/p>\n<p>Email: eisenhof.nesslau@bluewin.ch<\/p>\n<p>Wir freuen uns auf Ihre Anfrage, ob per <a href=\"https:\/\/www.eisenhof-nesslau.ch\/?page_id=38\">Kontakformular<\/a>, Email oder Telefon.<\/p>\n\n\n<figure class=\"wp-block-gallery has-nested-images columns-default is-cropped wp-block-gallery-1 is-layout-flex wp-block-gallery-is-layout-flex\">\n<figure class=\"wp-block-image size-large\"><img loading=\"lazy\" decoding=\"async\" width=\"600\" height=\"266\" data-id=\"629\" src=\"https:\/\/www.eisenhof-nesslau.ch\/wp-content\/uploads\/2026\/04\/Screenshot-2026-04-02-133405.png\" alt=\"\" class=\"wp-image-629\" srcset=\"https:\/\/www.eisenhof-nesslau.ch\/wp-content\/uploads\/2026\/04\/Screenshot-2026-04-02-133405.png 600w, https:\/\/www.eisenhof-nesslau.ch\/wp-content\/uploads\/2026\/04\/Screenshot-2026-04-02-133405-300x133.png 300w\" sizes=\"auto, (max-width: 600px) 100vw, 600px\" \/><\/figure>\n<\/figure>\n","protected":false},"excerpt":{"rendered":"<p>Herzlich Willkommen im Eisenhof Nesslau Wir freuen uns, dass Sie den Weg zu unserer Website gefunden haben. Gerne geben wir Ihnen einen kleinen Einblick in unser grosses und vielseitiges Sortiment.Suchen Sie ein Geschenk? Funktioniert Ihre Kaffeemaschine oder Rasenm\u00e4her nicht mehr richtig? Suchen Sie etwas f\u00fcr Ihren Haushalt? Dann sind Sie bei uns genau richtig. Gerne &hellip; <\/p>\n<p class=\"link-more\"><a href=\"https:\/\/www.eisenhof-nesslau.ch\/\" class=\"more-link\"><span class=\"screen-reader-text\">\u201eHome\u201c <\/span>weiterlesen<\/a><\/p>\n","protected":false},"author":1,"featured_media":0,"parent":0,"menu_order":0,"comment_status":"closed","ping_status":"closed","template":"","meta":{"footnotes":""},"class_list":["post-5","page","type-page","status-publish","hentry"],"_links":{"self":[{"href":"https:\/\/www.eisenhof-nesslau.ch\/index.php?rest_route=\/wp\/v2\/pages\/5","targetHints":{"allow":["GET"]}}],"collection":[{"href":"https:\/\/www.eisenhof-nesslau.ch\/index.php?rest_route=\/wp\/v2\/pages"}],"about":[{"href":"https:\/\/www.eisenhof-nesslau.ch\/index.php?rest_route=\/wp\/v2\/types\/page"}],"author":[{"embeddable":true,"href":"https:\/\/www.eisenhof-nesslau.ch\/index.php?rest_route=\/wp\/v2\/users\/1"}],"replies":[{"embeddable":true,"href":"https:\/\/www.eisenhof-nesslau.ch\/index.php?rest_route=%2Fwp%2Fv2%2Fcomments&post=5"}],"version-history":[{"count":79,"href":"https:\/\/www.eisenhof-nesslau.ch\/index.php?rest_route=\/wp\/v2\/pages\/5\/revisions"}],"predecessor-version":[{"id":630,"href":"https:\/\/www.eisenhof-nesslau.ch\/index.php?rest_route=\/wp\/v2\/pages\/5\/revisions\/630"}],"wp:attachment":[{"href":"https:\/\/www.eisenhof-nesslau.ch\/index.php?rest_route=%2Fwp%2Fv2%2Fmedia&parent=5"}],"curies":[{"name":"wp","href":"https:\/\/api.w.org\/{rel}","templated":true}]}}