{"id":45,"date":"2018-08-15T20:54:26","date_gmt":"2018-08-15T18:54:26","guid":{"rendered":"https:\/\/neu.eisenhof-nesslau.ch\/?page_id=45"},"modified":"2018-10-08T21:56:17","modified_gmt":"2018-10-08T19:56:17","slug":"sortiment","status":"publish","type":"page","link":"https:\/\/www.eisenhof-nesslau.ch\/?page_id=45","title":{"rendered":"Sortiment"},"content":{"rendered":"<h1>Unser Sortiment im \u00dcberblick<\/h1>\n<p>Hier finden Sie einen Einblick in unser ausgew\u00e4hltes Sortiment.<br \/>\n\u00dcberzeugen Sie sich selbst von unserem breiten aber auserlesenen\u00a0Qualit\u00e4tssortiment. Wir freuen uns auf Ihren Besuch im Eisenhof Nesslau!<\/p>\n<p><a href=\"https:\/\/www.eisenhof-nesslau.ch\/?page_id=63\">Haushalt<\/a><\/p>\n<p><a href=\"https:\/\/www.eisenhof-nesslau.ch\/?page_id=85\">Eisenwaren<\/a><\/p>\n<p><a href=\"https:\/\/www.eisenhof-nesslau.ch\/?page_id=87\">Reparaturen<\/a><\/p>\n<p><a href=\"https:\/\/www.eisenhof-nesslau.ch\/?page_id=90\">Garten<\/a><\/p>\n<p><a href=\"https:\/\/www.eisenhof-nesslau.ch\/?page_id=92\">Outdoorbereich<\/a><\/p>\n<p><a href=\"https:\/\/www.eisenhof-nesslau.ch\/?page_id=94\">Geschenkartikel, Accessoires, Dekorationsartikel<\/a><\/p>\n<p><a href=\"https:\/\/www.eisenhof-nesslau.ch\/?page_id=96\">Spezialanfertigungen<\/a><\/p>\n","protected":false},"excerpt":{"rendered":"<p>Unser Sortiment im \u00dcberblick Hier finden Sie einen Einblick in unser ausgew\u00e4hltes Sortiment. \u00dcberzeugen Sie sich selbst von unserem breiten aber auserlesenen\u00a0Qualit\u00e4tssortiment. Wir freuen uns auf Ihren Besuch im Eisenhof Nesslau! Haushalt Eisenwaren Reparaturen Garten Outdoorbereich Geschenkartikel, Accessoires, Dekorationsartikel Spezialanfertigungen<\/p>\n","protected":false},"author":1,"featured_media":0,"parent":0,"menu_order":0,"comment_status":"closed","ping_status":"closed","template":"","meta":{"footnotes":""},"class_list":["post-45","page","type-page","status-publish","hentry"],"_links":{"self":[{"href":"https:\/\/www.eisenhof-nesslau.ch\/index.php?rest_route=\/wp\/v2\/pages\/45","targetHints":{"allow":["GET"]}}],"collection":[{"href":"https:\/\/www.eisenhof-nesslau.ch\/index.php?rest_route=\/wp\/v2\/pages"}],"about":[{"href":"https:\/\/www.eisenhof-nesslau.ch\/index.php?rest_route=\/wp\/v2\/types\/page"}],"author":[{"embeddable":true,"href":"https:\/\/www.eisenhof-nesslau.ch\/index.php?rest_route=\/wp\/v2\/users\/1"}],"replies":[{"embeddable":true,"href":"https:\/\/www.eisenhof-nesslau.ch\/index.php?rest_route=%2Fwp%2Fv2%2Fcomments&post=45"}],"version-history":[{"count":7,"href":"https:\/\/www.eisenhof-nesslau.ch\/index.php?rest_route=\/wp\/v2\/pages\/45\/revisions"}],"predecessor-version":[{"id":276,"href":"https:\/\/www.eisenhof-nesslau.ch\/index.php?rest_route=\/wp\/v2\/pages\/45\/revisions\/276"}],"wp:attachment":[{"href":"https:\/\/www.eisenhof-nesslau.ch\/index.php?rest_route=%2Fwp%2Fv2%2Fmedia&parent=45"}],"curies":[{"name":"wp","href":"https:\/\/api.w.org\/{rel}","templated":true}]}}