{"id":35,"date":"2018-08-15T20:25:54","date_gmt":"2018-08-15T18:25:54","guid":{"rendered":"https:\/\/neu.eisenhof-nesslau.ch\/?page_id=35"},"modified":"2024-09-24T09:29:15","modified_gmt":"2024-09-24T07:29:15","slug":"lageplan","status":"publish","type":"page","link":"https:\/\/www.eisenhof-nesslau.ch\/?page_id=35","title":{"rendered":"Lageplan"},"content":{"rendered":"<p><iframe loading=\"lazy\" style=\"border: 0;\" src=\"https:\/\/www.google.com\/maps\/embed?pb=!1m18!1m12!1m3!1d986.0201711072469!2d9.198378331080194!3d47.22652278452519!2m3!1f0!2f0!3f0!3m2!1i1024!2i768!4f13.1!3m3!1m2!1s0x479ad76bc5881e4d%3A0x930035aea848385e!2sEisenhof%20Z%C3%BCrcher%20GmbH!5e0!3m2!1sde!2sch!4v1703686872878!5m2!1sde!2sch\" width=\"600\" height=\"450\" allowfullscreen=\"allowfullscreen\"><\/iframe><img loading=\"lazy\" decoding=\"async\" class=\"alignnone size-large wp-image-522\" src=\"https:\/\/www.eisenhof-nesslau.ch\/wp-content\/uploads\/2024\/09\/20240924_083038-1-838x1024.jpg\" alt=\"\" width=\"525\" height=\"642\" srcset=\"https:\/\/www.eisenhof-nesslau.ch\/wp-content\/uploads\/2024\/09\/20240924_083038-1-838x1024.jpg 838w, https:\/\/www.eisenhof-nesslau.ch\/wp-content\/uploads\/2024\/09\/20240924_083038-1-245x300.jpg 245w, https:\/\/www.eisenhof-nesslau.ch\/wp-content\/uploads\/2024\/09\/20240924_083038-1-768x939.jpg 768w\" sizes=\"auto, (max-width: 525px) 100vw, 525px\" \/><\/p>\n<p>Sie finden uns in Nesslau direkt an der Hauptstrasse zwischen Wattwil und Wildhaus im sch\u00f6nen Toggenburg, im 2022 er\u00f6ffneten Neubau an der unteren Wiesenstrasse 1.<\/p>\n<p><strong>Unsere regul\u00e4ren \u00d6ffnungszeiten sind:<\/strong><\/p>\n<p>Montag &#8211; Freitag 08:00 &#8211; 12:00 \/ 14:00 &#8211; 18:30 Uhr<br \/>\nMittwoch 08:00 &#8211; 12:00 \/ Nachmittag geschlossen<br \/>\nSamstag durchgehend 08:00 &#8211; 16:00 Uhr<\/p>\n<p>Telefon Gesch\u00e4ft: 071 994 18 36<br \/>\nEmail: eisenhof.nesslau@bluewin.ch<\/p>\n<p>Wir freuen uns auf Ihren Besuch oder Ihre Anfrage!<\/p>\n","protected":false},"excerpt":{"rendered":"<p>Sie finden uns in Nesslau direkt an der Hauptstrasse zwischen Wattwil und Wildhaus im sch\u00f6nen Toggenburg, im 2022 er\u00f6ffneten Neubau an der unteren Wiesenstrasse 1. Unsere regul\u00e4ren \u00d6ffnungszeiten sind: Montag &#8211; Freitag 08:00 &#8211; 12:00 \/ 14:00 &#8211; 18:30 Uhr Mittwoch 08:00 &#8211; 12:00 \/ Nachmittag geschlossen Samstag durchgehend 08:00 &#8211; 16:00 Uhr Telefon Gesch\u00e4ft: &hellip; <\/p>\n<p class=\"link-more\"><a href=\"https:\/\/www.eisenhof-nesslau.ch\/?page_id=35\" class=\"more-link\"><span class=\"screen-reader-text\">\u201eLageplan\u201c <\/span>weiterlesen<\/a><\/p>\n","protected":false},"author":1,"featured_media":0,"parent":0,"menu_order":0,"comment_status":"closed","ping_status":"closed","template":"","meta":{"footnotes":""},"class_list":["post-35","page","type-page","status-publish","hentry"],"_links":{"self":[{"href":"https:\/\/www.eisenhof-nesslau.ch\/index.php?rest_route=\/wp\/v2\/pages\/35","targetHints":{"allow":["GET"]}}],"collection":[{"href":"https:\/\/www.eisenhof-nesslau.ch\/index.php?rest_route=\/wp\/v2\/pages"}],"about":[{"href":"https:\/\/www.eisenhof-nesslau.ch\/index.php?rest_route=\/wp\/v2\/types\/page"}],"author":[{"embeddable":true,"href":"https:\/\/www.eisenhof-nesslau.ch\/index.php?rest_route=\/wp\/v2\/users\/1"}],"replies":[{"embeddable":true,"href":"https:\/\/www.eisenhof-nesslau.ch\/index.php?rest_route=%2Fwp%2Fv2%2Fcomments&post=35"}],"version-history":[{"count":18,"href":"https:\/\/www.eisenhof-nesslau.ch\/index.php?rest_route=\/wp\/v2\/pages\/35\/revisions"}],"predecessor-version":[{"id":523,"href":"https:\/\/www.eisenhof-nesslau.ch\/index.php?rest_route=\/wp\/v2\/pages\/35\/revisions\/523"}],"wp:attachment":[{"href":"https:\/\/www.eisenhof-nesslau.ch\/index.php?rest_route=%2Fwp%2Fv2%2Fmedia&parent=35"}],"curies":[{"name":"wp","href":"https:\/\/api.w.org\/{rel}","templated":true}]}}