{"id":242,"date":"2018-08-15T22:29:19","date_gmt":"2018-08-15T20:29:19","guid":{"rendered":"https:\/\/neu.eisenhof-nesslau.ch\/?page_id=242"},"modified":"2018-08-15T22:29:19","modified_gmt":"2018-08-15T20:29:19","slug":"brautpaardokumentation","status":"publish","type":"page","link":"https:\/\/www.eisenhof-nesslau.ch\/?page_id=242","title":{"rendered":"Brautpaardokumentation"},"content":{"rendered":"<h3>\u00abFeiern Sie Hochzeit \u2013 und freuen Sie sich \u00fcber die richtigen Geschenke\u00bb<\/h3>\n<p>Liebes Brautpaar<\/p>\n<p>Die Vorbereitungen f\u00fcr Ihre Hochzeit sind etwas ganz Besonderes.<\/p>\n<p>Mit unserem Wunschlisten-Service k\u00f6nnen Sie Ihren G\u00e4sten behilflich sein<br \/>\ndas passende Geschenk f\u00fcr Sie auszusuchen.<\/p>\n<p>Entdecken Sie die Vielfalt unseres Angebotes und stellen Sie sich Ihre Wunschliste individuell zusammen.<\/p>\n<p>In einem unverbindlichen Gespr\u00e4ch unterst\u00fctzen und beraten wir Sie sehr gerne.<\/p>\n<p><img loading=\"lazy\" decoding=\"async\" class=\"alignnone size-medium wp-image-243\" src=\"https:\/\/neu.eisenhof-nesslau.ch\/wp-content\/uploads\/2018\/08\/Brautpaardokumentation-298545-300x197.jpg\" alt=\"\" width=\"300\" height=\"197\" srcset=\"https:\/\/www.eisenhof-nesslau.ch\/wp-content\/uploads\/2018\/08\/Brautpaardokumentation-298545-300x197.jpg 300w, https:\/\/www.eisenhof-nesslau.ch\/wp-content\/uploads\/2018\/08\/Brautpaardokumentation-298545.jpg 380w\" sizes=\"auto, (max-width: 300px) 100vw, 300px\" \/><\/p>\n","protected":false},"excerpt":{"rendered":"<p>\u00abFeiern Sie Hochzeit \u2013 und freuen Sie sich \u00fcber die richtigen Geschenke\u00bb Liebes Brautpaar Die Vorbereitungen f\u00fcr Ihre Hochzeit sind etwas ganz Besonderes. Mit unserem Wunschlisten-Service k\u00f6nnen Sie Ihren G\u00e4sten behilflich sein das passende Geschenk f\u00fcr Sie auszusuchen. Entdecken Sie die Vielfalt unseres Angebotes und stellen Sie sich Ihre Wunschliste individuell zusammen. In einem unverbindlichen &hellip; <\/p>\n<p class=\"link-more\"><a href=\"https:\/\/www.eisenhof-nesslau.ch\/?page_id=242\" class=\"more-link\"><span class=\"screen-reader-text\">\u201eBrautpaardokumentation\u201c <\/span>weiterlesen<\/a><\/p>\n","protected":false},"author":1,"featured_media":0,"parent":0,"menu_order":0,"comment_status":"closed","ping_status":"closed","template":"","meta":{"footnotes":""},"class_list":["post-242","page","type-page","status-publish","hentry"],"_links":{"self":[{"href":"https:\/\/www.eisenhof-nesslau.ch\/index.php?rest_route=\/wp\/v2\/pages\/242","targetHints":{"allow":["GET"]}}],"collection":[{"href":"https:\/\/www.eisenhof-nesslau.ch\/index.php?rest_route=\/wp\/v2\/pages"}],"about":[{"href":"https:\/\/www.eisenhof-nesslau.ch\/index.php?rest_route=\/wp\/v2\/types\/page"}],"author":[{"embeddable":true,"href":"https:\/\/www.eisenhof-nesslau.ch\/index.php?rest_route=\/wp\/v2\/users\/1"}],"replies":[{"embeddable":true,"href":"https:\/\/www.eisenhof-nesslau.ch\/index.php?rest_route=%2Fwp%2Fv2%2Fcomments&post=242"}],"version-history":[{"count":1,"href":"https:\/\/www.eisenhof-nesslau.ch\/index.php?rest_route=\/wp\/v2\/pages\/242\/revisions"}],"predecessor-version":[{"id":245,"href":"https:\/\/www.eisenhof-nesslau.ch\/index.php?rest_route=\/wp\/v2\/pages\/242\/revisions\/245"}],"wp:attachment":[{"href":"https:\/\/www.eisenhof-nesslau.ch\/index.php?rest_route=%2Fwp%2Fv2%2Fmedia&parent=242"}],"curies":[{"name":"wp","href":"https:\/\/api.w.org\/{rel}","templated":true}]}}